{"id":1232,"date":"2026-03-21T18:34:30","date_gmt":"2026-03-21T18:34:30","guid":{"rendered":"https:\/\/cremallera.net\/?page_id=1232"},"modified":"2026-03-21T18:36:34","modified_gmt":"2026-03-21T18:36:34","slug":"politica-de-privacidad","status":"publish","type":"page","link":"https:\/\/cremallera.net\/en\/politica-de-privacidad\/","title":{"rendered":"Politica de privacidad"},"content":{"rendered":"<div data-elementor-type=\"wp-page\" data-elementor-id=\"1232\" class=\"elementor elementor-1232\" data-elementor-post-type=\"page\">\n\t\t\t\t<div class=\"elementor-element elementor-element-41874f9 e-flex e-con-boxed e-con e-parent\" data-id=\"41874f9\" data-element_type=\"container\" data-e-type=\"container\">\n\t\t\t\t\t<div class=\"e-con-inner\">\n\t\t\t\t<div class=\"elementor-element elementor-element-2073686 elementor-widget elementor-widget-heading\" data-id=\"2073686\" data-element_type=\"widget\" data-e-type=\"widget\" data-widget_type=\"heading.default\">\n\t\t\t\t\t<h2 class=\"elementor-heading-title elementor-size-default\">Pol\u00edtica\n<br>de privacidad<\/h2>\t\t\t\t<\/div>\n\t\t\t\t\t<\/div>\n\t\t\t\t<\/div>\n\t\t<div class=\"elementor-element elementor-element-ccd6a6d e-flex e-con-boxed e-con e-parent\" data-id=\"ccd6a6d\" data-element_type=\"container\" data-e-type=\"container\">\n\t\t\t\t\t<div class=\"e-con-inner\">\n\t\t<div class=\"elementor-element elementor-element-203b19d e-con-full e-flex e-con e-child\" data-id=\"203b19d\" data-element_type=\"container\" data-e-type=\"container\">\n\t\t\t\t<div class=\"elementor-element elementor-element-c897141 elementor-widget elementor-widget-text-editor\" data-id=\"c897141\" data-element_type=\"widget\" data-e-type=\"widget\" data-widget_type=\"text-editor.default\">\n\t\t\t\t\t\t\t\t\t<h4>IDENTIFICACI\u00d3N Y DATOS DE CONTACTO DEL RESPONSABLE DEL TRATAMIENTO<\/h4><p>SBM Export Import International, S.L., sociedad domiciliada en Av. De las Cortes Valencianas, n\u00famero 58-5, CP 46015 Valencia \u2013 Espa\u00f1a, con CIF B09955527, es el responsable del tratamiento de los datos de car\u00e1cter personal que se traten a trav\u00e9s de esta p\u00e1gina web. En la presente cl\u00e1usula se facilita la informaci\u00f3n sobre el uso que realizar\u00e1 la Sociedad de tus datos personales.<\/p><p>Asimismo, la presente Pol\u00edtica de Privacidad tiene por objeto facilitar informaci\u00f3n sobre los derechos que asisten tanto al Usuario registrados como no registrado en virtud del RGPD 2016\/679 y la Ley Org\u00e1nica 3\/2018, de Protecci\u00f3n de Datos Personales. Si tienes cualquier duda relativa al tratamiento de tus datos personales, contacta con la Sociedad en la siguiente Av. De las Cortes Valencianas, n\u00famero 58-5, CP 46015 Valencia (Valencia) \u2013 Espa\u00f1a.<\/p><h4>\u00a0<\/h4><h4>D\u00d3NDE INFORMA<\/h4><p>En las siguiente web: https:\/\/sbmexport.com (+ informaci\u00f3n en nuestro aviso legal)<\/p><h4>\u00a0<\/h4><h4>TRATAMIENTO DE DATOS<\/h4><p>SBM Export Import International, S.L. informa a trav\u00e9s de esta web sobre su pol\u00edtica de privacidad respecto del tratamiento y protecci\u00f3n de los datos de car\u00e1cter personal de cualquier titular con el que mantenga una relaci\u00f3n en la que se requiera el tratamiento de sus datos.<\/p><p>Las operaciones, gestiones y procedimientos t\u00e9cnicos que se realicen de forma automatizada o no automatizada y que posibiliten la recogida, el almacenamiento, la modificaci\u00f3n, la transferencia y otras acciones sobre datos de car\u00e1cter personal, tienen la consideraci\u00f3n de tratamiento de datos personales, y en este caso informamos de un tratamiento conjunto en aquellos casos necesarios para la gesti\u00f3n de servicios y\/o productos contratados a cualquiera de las empresas anteriormente indicadas, sin perjuicio de lo indicado en el apartado 4 de esta pol\u00edtica.<\/p><p>M\u00e1xima transparencia en la informaci\u00f3n, por ese motivo te informamos sobre como tratamos los datos, incluso cuando no recogemos datos desde la web.<\/p><p>No compartimos datos con terceros, tus datos est\u00e1n a salvo, solo ser\u00e1n comunicados a terceros cuando exista una obligaci\u00f3n basada en una normativa o sea imprescindible para poder ofrecerte el servicio. De ello te informamos en el punto \u201cDestinatarios\u201d.<\/p><p>Cumplimiento legal , SBM Export Import International, S.L. est\u00e1 adecuada al Reglamento (UE) 2016\/679 del Parlamento Europeo y del Consejo de 27 de abril de 2016 relativo a la protecci\u00f3n de las personas f\u00edsicas (RGPD), a la Ley Org\u00e1nica 3\/2018, de 5 de diciembre, de Protecci\u00f3n de Datos Personales y garant\u00eda de los derechos digitales y a la Ley 34\/2002, de 11 de julio, de Servicios de la Sociedad de la Informaci\u00f3n y Comercio Electr\u00f3nico (LSSICE o LSSI) y aunque derogado, por regular la LOPD 15\/99, sigo implantando medidas de seguridad del estupendo Real Decreto 1720\/2007.<\/p><h4>\u00a0<\/h4><h4>1. RESPONSABLE DE TRATAMIENTO<\/h4><p>En cumplimiento de la legislaci\u00f3n vigente en Protecci\u00f3n de Datos le indicamos que los datos personales que Ud. nos facilita de forma voluntaria por cualquiera de nuestros medios de recogida de informaci\u00f3n ser\u00e1n incorporados a tratamientos automatizados y\/o manuales, siendo SBM Export Import International, S.L. con la que mantiene la relaci\u00f3n contractual el Responsable de dichos tratamientos. Los datos no se ceder\u00e1n a terceros salvo en los casos en que exista una obligaci\u00f3n legal.<\/p><p>Asimismo, SBM Export Import International, S.L. declara y garantiza que mantiene los niveles de seguridad para la protecci\u00f3n de datos personales conforme dispone la legislaci\u00f3n vigente, y que ha establecido todos los medios t\u00e9cnicos a su alcance para evitar la p\u00e9rdida, mal uso, alteraci\u00f3n, acceso no autorizado, robo de los datos facilitados por los interesados y para que sus empleados observen dichas prescripciones, as\u00ed como el deber de secreto sobre los datos objeto de la protecci\u00f3n y dem\u00e1s obligaciones de confidencialidad vigentes.<\/p><h4>\u00a0<\/h4><h4>2. \u00bfQU\u00c9 DATOS PERSONALES TRATAMOS?<\/h4><p>El tratamiento de tus datos es necesario para darte acceso a los contenidos y\/o funcionalidades de nuestro Sitio Web o, en caso de que as\u00ed lo requieras, poder remitirte la informaci\u00f3n o prestarte los servicios dispuestos a trav\u00e9s de este. Al respecto, mantenemos un firme compromiso a tratar tus datos personales de forma leg\u00edtima y coherente de acuerdo con los principios y obligaciones legales dispuestas por la vigente normativa de protecci\u00f3n de datos personales.<\/p><p>Cuando navegas a trav\u00e9s de nuestro Sitio Web y, en particular, cuando interact\u00faas, nos aportas datos de forma directa, por ejemplo, cuando cumplimentas cualquier formulario o solicitud dispuesta en l\u00ednea conforme a los fines de tratamiento indicados en cada caso (por ejemplo, el formulario de contacto). Los datos que nos aportas est\u00e1n en relaci\u00f3n con tales formularios. Siempre te solicitaremos aquellos datos adecuados, pertinentes y limitados a lo necesario respecto a los citados fines de tratamiento (principio de minimizaci\u00f3n de datos personales):<\/p><ul><li>Datos de Contacto e Identificativos, nombre, apellido, direcci\u00f3n, n\u00famero de tel\u00e9fono, correo electr\u00f3nico.<\/li><li>Comerciales y Preferencias, informaci\u00f3n que nos facilite acerca de sus preferencias, por ejemplo el tipo de servicios en los que se encuentra interesado.<\/li><li>Aquellos que t\u00fa decidas facilitarnos voluntariamente.<\/li><li>Los datos derivados de las comunicaciones que mantengas con nosotros.<\/li><li>La informaci\u00f3n correspondiente a tu propia navegaci\u00f3n en el caso de Servicios Online, (direcci\u00f3n IP o informaci\u00f3n derivada de cookies o dispositivos similares (puedes ver nuestra Pol\u00edtica de Cookies en la web).<\/li><li>Aquella informaci\u00f3n que se encuentre disponible en fuentes accesibles al p\u00fablico, a la que leg\u00edtimamente podamos acceder.<\/li><li>Los datos que se deriven de la relaci\u00f3n contractual o precontractual que mantengas con nosotros, incluida tu imagen, inform\u00e1ndote siempre en este caso de la posibilidad de captar tu imagen.<\/li><li>Los que terceras personas nos proporcionen sobre ti, existiendo una base leg\u00edtima para ello o habiendo obtenido tu consentimiento para ello.<\/li><li>Los datos de terceros que t\u00fa nos facilites, previo el consentimiento del tercero en cuesti\u00f3n.<\/li><\/ul><h4>\u00a0<\/h4><h4>3. \u00bfC\u00d3MO TRATAMOS LOS DATOS?<\/h4><p>SBM Export Import International, S.L., tratamos tus datos personales siempre en estricto cumplimiento de la legislaci\u00f3n vigente. Adem\u00e1s, te informamos de que contamos con las medidas t\u00e9cnicas y organizativas adecuadas para garantizar un nivel \u00f3ptimo de seguridad, garantizando con ello que solo acceder\u00e1n aquellas personas que tengan autorizaci\u00f3n, que los mantendremos \u00edntegros, evitando cualquier p\u00e9rdida intencionada o accidental y que hemos reforzado los sistemas y servicios de tratamiento de datos.<\/p><p>Las operaciones, gestiones y procedimientos t\u00e9cnicos que realizamos de forma automatizada o no automatizada y que posibiliten la recogida, almacenamiento, modificaci\u00f3n, transferencia y otras acciones sobre datos de car\u00e1cter personal, tienen la consideraci\u00f3n de tratamiento de datos personales.<\/p><h4>\u00a0<\/h4><h4>4. FINALIDADES DE LOS DATOS<\/h4><p>SBM Export Import International, S.L., trata tus datos con las siguientes finalidades:<\/p><ul><li>Posibilitar que navegue por nuestro Sitio Web, permiti\u00e9ndole con ello el acceso a la informaci\u00f3n y a los contenidos dispuestos en la misma.<\/li><li>Atender y gestionar sus consultas y solicitudes.<\/li><li>Remitirte toda la informaci\u00f3n necesaria en relaci\u00f3n con las caracter\u00edsticas del servicio que nos haya solicitado.<\/li><li>Si as\u00ed lo acepta, o existe base legal suficiente para ello, remitirte informaci\u00f3n y publicidad sobre ofertas, productos, servicios, promociones, obsequios y campa\u00f1as en torno a nuestros servicios.<\/li><li>Prestar de forma adecuada servicios de atenci\u00f3n al interesado.<\/li><li>Realizar un control de calidad sobre nuestros servicios mediante la realizaci\u00f3n de posibles encuestas de opini\u00f3n.<\/li><li>En caso de que haya aceptado la pol\u00edtica de cookies, para el desarrollo de los fines asociados a los distintos tipos de cookies informadas a trav\u00e9s de esta. En cualquier momento, si as\u00ed lo deseas podr\u00e1 configurar el uso de las cookies, ostentando un derecho a revocar su consentimiento respecto a los fines asociados a las cookies. Le informamos que la revocaci\u00f3n de su consentimiento al tratamiento de tus datos respecto a ciertos tipos de cookies como son las de sesi\u00f3n o t\u00e9cnicas pueden impedir que navegue por nuestro Sitio Web (ver pol\u00edtica de cookies).<\/li><li>Adoptar cuantas medidas de protecci\u00f3n resulten aplicables de conformidad con la normativa vigente, incluyendo, la posible anonimizaci\u00f3n de sus datos personales aplicando, para ello, las adecuadas t\u00e9cnicas disponibles al efecto. Por consiguiente, en este \u00e1mbito, tambi\u00e9n podr\u00e1n realizarse tratamientos de anonimizaci\u00f3n y seudonimizaci\u00f3n para la mejor protecci\u00f3n de sus datos personales.<\/li><li>Aplicar las pertinentes medidas de seguridad, t\u00e9cnicas y\/o organizativas sobre sus datos personales con enfoque al riesgo existente en cada momento.<\/li><li>En general, para el cumplimiento de obligaciones de car\u00e1cter legal y regulatorio, conforme al sector de actividad, (sin \u00e1nimo limitativo ni excluyente) tanto por \u00f3rganos judiciales, organismos reguladores y supervisores y cuerpos y fuerzas de seguridad del estado, con los cuales estamos obligados a cumplir las leyes de los pa\u00edses en los que se desarrolle la actividad, incluyendo actuaciones tendentes a la detecci\u00f3n del fraude y la prevenci\u00f3n de delitos o actuaciones il\u00edcitas.<\/li><\/ul><h4>\u00a0<\/h4><h4>5. LEGITIMACI\u00d3N DEL TRATAMIENTO<\/h4><p>La base de la legitimaci\u00f3n del tratamiento de Datos Personales ser\u00e1 la que resulte de la relaci\u00f3n contractual o precontractual, la laboral o cualquier otra que se requiera para el tratamiento de datos, tales como el consentimiento expreso.<\/p><h4>\u00a0<\/h4><h4>6. MENORES<\/h4><p>Los menores de 14 a\u00f1os no podr\u00e1n usar los servicios disponibles a trav\u00e9s del sitio Web sin la previa autorizaci\u00f3n de sus padres, tutores o representantes legales, quienes ser\u00e1n los \u00fanicos responsables de todos los actos realizados a trav\u00e9s del sitio Web por los menores a su cargo, incluyendo la cumplimentaci\u00f3n de los formularios con los datos personales de dichos menores y marcaci\u00f3n, en su caso, de las casillas que los acompa\u00f1an. En este sentido, y en la medida en la que SBM Export Import International, S.L. no tiene capacidad para controlar si los usuarios son o no menores de edad, se advierte de que deber\u00e1n ser los padres y tutores quienes habiliten los mecanismos necesarios para evitar que los menores accedan al Sitio Web y\/o faciliten datos de car\u00e1cter personal sin su supervisi\u00f3n, no admitiendo SBM Export Import International, S.L. responsabilidad alguna al respecto.<\/p><h4>\u00a0<\/h4><h4>7. COMUNICACIONES ELECTR\u00d3NICAS<\/h4><ul><li>En el caso de recibir comunicaciones por estos medios (correos electr\u00f3nicos, mensajes de respuesta automatizada de formularios, y otros sistemas de comunicaci\u00f3n) le informamos que los mensajes se dirigen exclusivamente a su destinatario y puede contener informaci\u00f3n privilegiada o confidencial. Si no es vd. el destinatario indicado, queda notificado de que la utilizaci\u00f3n, divulgaci\u00f3n y\/o copia sin autorizaci\u00f3n est\u00e1 prohibida en virtud de la legislaci\u00f3n vigente.<\/li><li><strong>De conformidad con lo establecido en la Ley 34\/2002 de 11 de julio, de Servicios de la Sociedad de la Informaci\u00f3n y del Comercio Electr\u00f3nico, y la Directiva 2002\/58\/CE le comunicamos que en el supuesto de que no desee recibir comunicaciones e informaciones de \u00edndole comercial mediante este sistema de comunicaci\u00f3n electr\u00f3nica, nos lo indique por esta misma v\u00eda indicando en el asunto BAJA COMUNICACIONES para que sus datos personales sean dados de baja de nuestra base de datos. Su solicitud ser\u00e1 accionada en un plazo de 10 d\u00edas desde su env\u00edo. En el supuesto de que no recibamos contestaci\u00f3n expresa por su parte, entenderemos que acepta y autoriza que nuestra empresa siga realizando las referidas comunicaciones.<\/strong><\/li><\/ul><h4>\u00a0<\/h4><h4>8. \u00bfCU\u00c1NTO TIEMPO CONSERVAMOS TUS DATOS?<\/h4><p>Los datos personales relativos a personas f\u00edsicas que SBM Export Import International, S.L. recopila por cualquier medio, se conservar\u00e1n mientras el interesado no solicite su supresi\u00f3n. Asimismo, se conservar\u00e1n mientras se mantenga la relaci\u00f3n que origin\u00f3 el tratamiento de los datos, respetando en cualquier caso los plazos legales de conservaci\u00f3n. Concluido este per\u00edodo, los datos personales ser\u00e1n eliminados de todos los sistemas de SBM Export Import International, S.L.<\/p><h4>\u00a0<\/h4><h4>9. \u00bfA QU\u00c9 DESTINATARIOS SE COMUNICAR\u00c1N SUS DATOS?<\/h4><p>No habr\u00e1 cesi\u00f3n, transmisi\u00f3n o transferencia de datos personales, salvo las ya informadas, que no sea por una obligaci\u00f3n legal. Si por requerimiento de la Administraci\u00f3n P\u00fablica o las Instituciones Auton\u00f3micas en el \u00e1mbito de las funciones que la ley les atribuya expresamente, se nos solicitan tus datos, estos ser\u00e1n transmitidos.<\/p><p>De existir una cesi\u00f3n, transmisi\u00f3n o transferencia de datos personales fuera de los casos anteriormente previstos, ser\u00e1s previamente informado para que nos prestes tu consentimiento si procede. Pero para poder organizarnos correctamente, tener buenas operativas y procedimientos que garanticen una buena gesti\u00f3n de SBM Export Import International, S.L., puede ser necesario el tener que contratar los servicios de asesores, profesionales, u otras empresas de servicios para tratar datos bajo nuestras indicaciones.<\/p><p>Este tratamiento por cuenta de terceros est\u00e1 regulada en un contrato que consta por escrito o alguna otra forma que permita acreditar su celebraci\u00f3n y contenido, especificando expresamente que el encargado del tratamiento tratar\u00e1 los datos conforme a nuestras instrucciones de y no los aplicar\u00e1 o usar\u00e1 con fin distinto al que figure en dicho contrato, ni los comunicar\u00e1, ni siquiera para su conservaci\u00f3n, a otras personas.<\/p><h4>\u00a0<\/h4><h4>10. \u00bfCU\u00c1LES SON SUS DERECHOS CUANDO NOS FACILITA LOS DATOS?<\/h4><p>La normativa de protecci\u00f3n de datos le confiere al titular de los datos personales los siguientes derechos:<\/p><ul><li>Derecho a revocar cualquier consentimiento prestado previamente.<\/li><li>Derecho de acceso: Conocer qu\u00e9 tipo de datos se est\u00e1n tratando y las caracter\u00edsticas del tratamiento que se lleva a cabo.<\/li><li>Derecho de rectificaci\u00f3n: Poder solicitar la modificaci\u00f3n de los datos que sean inexactos o no veraces.<\/li><li>Derecho de portabilidad: Poder obtener una copia en formato interoperable de los datos que est\u00e9n siendo tratados.<\/li><li>Derecho a la limitaci\u00f3n del tratamiento en los casos que considere que no es necesario.<\/li><li>Derecho de supresi\u00f3n: Solicitar el cese del tratamiento de los datos y su supresi\u00f3n cuando ya no sea necesaria su conservaci\u00f3n.<\/li><li>Derecho a interponer una reclamaci\u00f3n ante la Agencia Espa\u00f1ola de Protecci\u00f3n de datos C\/ Jorge Juan, 6 28001-Madrid \u2013 FAX: 914483680- TELF: 901 100 099- E-mail: ciudadanos@agpd.es<\/li><li>Si desea m\u00e1s informaci\u00f3n respecto al tratamiento de sus datos, rectificar aquellos que sean inexactos, oponerse y\/o limitar alg\u00fan tratamiento que considere que no es necesario, o solicitar la cancelaci\u00f3n del tratamiento cuando los datos ya no sean necesarios, puede dirigirse por escrito a: Correo postal C\/ Col\u00f3n, 1 \u2013 6\u00ba, Oficina 13, 46004, Valencia, (Valencia) \u2013 Espa\u00f1a, correo electr\u00f3nico:\u00a0<a href=\"mailto:gerencia@sbmexport.com\" target=\"_blank\" rel=\"noopener\">gerencia@sbmexport.com<\/a>, Telf: 961 106 490<ul><li>Dicha comunicaci\u00f3n deber\u00e1 reflejar la siguiente informaci\u00f3n: Nombre y apellidos del usuario, la petici\u00f3n de solicitud, el domicilio y los datos acreditativos.<\/li><li>El ejercicio de derechos deber\u00e1 ser realizado por el propio usuario. No obstante, podr\u00e1n ser ejecutados por una persona autorizada como representante legal del autorizado. En tal caso, se deber\u00e1 aportar la documentaci\u00f3n que acredite esta representaci\u00f3n del interesado.<\/li><\/ul><\/li><\/ul><h4>\u00a0<\/h4><h4>11. FINALIDADES DE LOS TRATAMIENTOS DE DATOS<\/h4><p>Detallamos a continuaci\u00f3n las finalidades de los tratamientos de datos llevados a cabo por el Responsable de Tratamiento:<\/p><p><strong>REGISTRO DE ACTIVIDADES:\u00a0<\/strong>CONTACTOS<\/p><ul><li>FINALIDAD: Env\u00edo de informaci\u00f3n comercial, ofertas, informaci\u00f3n sobre productos y\/o servicios a clientes y\/o potenciales clientes.<\/li><li>BASE LEGAL: Consentimiento expreso del interesado\/a.<\/li><li>DESCRIPCI\u00d3N: Categor\u00eda de datos personales (de identificaci\u00f3n: nombre y apellidos, tel\u00e9fono, e-mail).<\/li><li>CESI\u00d3N DE DATOS: No se ceder\u00e1n datos a terceros.<\/li><li>PLAZO DE SUPRESI\u00d3N DE LOS DATOS: Hasta la resoluci\u00f3n de su solicitud de informaci\u00f3n.<\/li><\/ul>\t\t\t\t\t\t\t\t<\/div>\n\t\t\t\t<\/div>\n\t\t\t\t\t<\/div>\n\t\t\t\t<\/div>\n\t\t\t\t<\/div>","protected":false},"excerpt":{"rendered":"<p>Pol\u00edtica de privacidad IDENTIFICACI\u00d3N Y DATOS DE CONTACTO DEL RESPONSABLE DEL TRATAMIENTO SBM Export Import International, S.L., sociedad domiciliada en Av. De las Cortes Valencianas, n\u00famero 58-5, CP 46015 Valencia \u2013 Espa\u00f1a, con CIF B09955527, es el responsable del tratamiento de los datos de car\u00e1cter personal que se traten a trav\u00e9s de esta p\u00e1gina web. [&hellip;]<\/p>\n","protected":false},"author":1,"featured_media":0,"parent":0,"menu_order":0,"comment_status":"closed","ping_status":"closed","template":"","meta":{"_eb_attr":"","footnotes":""},"class_list":["post-1232","page","type-page","status-publish","hentry"],"_hostinger_reach_plugin_has_subscription_block":false,"_hostinger_reach_plugin_is_elementor":false,"_links":{"self":[{"href":"https:\/\/cremallera.net\/en\/wp-json\/wp\/v2\/pages\/1232","targetHints":{"allow":["GET"]}}],"collection":[{"href":"https:\/\/cremallera.net\/en\/wp-json\/wp\/v2\/pages"}],"about":[{"href":"https:\/\/cremallera.net\/en\/wp-json\/wp\/v2\/types\/page"}],"author":[{"embeddable":true,"href":"https:\/\/cremallera.net\/en\/wp-json\/wp\/v2\/users\/1"}],"replies":[{"embeddable":true,"href":"https:\/\/cremallera.net\/en\/wp-json\/wp\/v2\/comments?post=1232"}],"version-history":[{"count":4,"href":"https:\/\/cremallera.net\/en\/wp-json\/wp\/v2\/pages\/1232\/revisions"}],"predecessor-version":[{"id":1236,"href":"https:\/\/cremallera.net\/en\/wp-json\/wp\/v2\/pages\/1232\/revisions\/1236"}],"wp:attachment":[{"href":"https:\/\/cremallera.net\/en\/wp-json\/wp\/v2\/media?parent=1232"}],"curies":[{"name":"wp","href":"https:\/\/api.w.org\/{rel}","templated":true}]}}