{"id":1237,"date":"2026-03-21T18:37:08","date_gmt":"2026-03-21T18:37:08","guid":{"rendered":"https:\/\/cremallera.net\/?page_id=1237"},"modified":"2026-03-21T18:41:37","modified_gmt":"2026-03-21T18:41:37","slug":"politica-de-cookies","status":"publish","type":"page","link":"https:\/\/cremallera.net\/en\/politica-de-cookies\/","title":{"rendered":"Pol\u00edtica de cookies"},"content":{"rendered":"<div data-elementor-type=\"wp-page\" data-elementor-id=\"1237\" class=\"elementor elementor-1237\" data-elementor-post-type=\"page\">\n\t\t\t\t<div class=\"elementor-element elementor-element-41874f9 e-flex e-con-boxed e-con e-parent\" data-id=\"41874f9\" data-element_type=\"container\" data-e-type=\"container\">\n\t\t\t\t\t<div class=\"e-con-inner\">\n\t\t\t\t<div class=\"elementor-element elementor-element-2073686 elementor-widget elementor-widget-heading\" data-id=\"2073686\" data-element_type=\"widget\" data-e-type=\"widget\" data-widget_type=\"heading.default\">\n\t\t\t\t\t<h2 class=\"elementor-heading-title elementor-size-default\">Pol\u00edtica\n<br>de cookies<\/h2>\t\t\t\t<\/div>\n\t\t<div class=\"elementor-element elementor-element-e8ae72f e-con-full e-flex e-con e-child\" data-id=\"e8ae72f\" data-element_type=\"container\" data-e-type=\"container\">\n\t\t<div class=\"elementor-element elementor-element-4fc86fe e-con-full e-flex e-con e-child\" data-id=\"4fc86fe\" data-element_type=\"container\" data-e-type=\"container\">\n\t\t\t\t<div class=\"elementor-element elementor-element-7ce9668 elementor-widget elementor-widget-text-editor\" data-id=\"7ce9668\" data-element_type=\"widget\" data-e-type=\"widget\" data-widget_type=\"text-editor.default\">\n\t\t\t\t\t\t\t\t\t<div class=\"elementor-column elementor-col-50 elementor-top-column elementor-element elementor-element-2c8dcf47\" data-id=\"2c8dcf47\" data-element_type=\"column\"><div class=\"elementor-widget-wrap elementor-element-populated\"><div class=\"elementor-element elementor-element-5fa0561 elementor-widget elementor-widget-text-editor animated slideInUp\" data-id=\"5fa0561\" data-element_type=\"widget\" data-settings=\"{&quot;_animation&quot;:&quot;slideInUp&quot;}\" data-widget_type=\"text-editor.default\"><div class=\"elementor-widget-container\"><p>Una cookie es un peque\u00f1o fichero de texto que se almacena en su navegador cuando visita casi cualquier p\u00e1gina web. Su utilidad es que la web sea capaz de recordar su visita cuando vuelva a navegar por esa p\u00e1gina. Las cookies suelen almacenar informaci\u00f3n de car\u00e1cter t\u00e9cnico, preferencias personales, personalizaci\u00f3n de contenidos, estad\u00edsticas de uso, enlaces a redes sociales, acceso a cuentas de usuario, etc. El objetivo de la cookie es adaptar el contenido de la web a su perfil y necesidades. Sin cookies, los servicios ofrecidos por cualquier p\u00e1gina se ver\u00edan mermados notablemente. Si desea consultar m\u00e1s informaci\u00f3n sobre qu\u00e9 son las cookies, qu\u00e9 almacenan, c\u00f3mo eliminarlas o desactivarlas, vaya al apartado \u201cM\u00e1s sobre pol\u00edtica de cookies\u201d.<\/p><\/div><\/div><\/div><\/div>\t\t\t\t\t\t\t\t<\/div>\n\t\t\t\t<\/div>\n\t\t\t\t<\/div>\n\t\t\t\t\t<\/div>\n\t\t\t\t<\/div>\n\t\t<div class=\"elementor-element elementor-element-ccd6a6d e-flex e-con-boxed e-con e-parent\" data-id=\"ccd6a6d\" data-element_type=\"container\" data-e-type=\"container\">\n\t\t\t\t\t<div class=\"e-con-inner\">\n\t\t<div class=\"elementor-element elementor-element-203b19d e-con-full e-flex e-con e-child\" data-id=\"203b19d\" data-element_type=\"container\" data-e-type=\"container\">\n\t\t\t\t<div class=\"elementor-element elementor-element-c897141 elementor-widget elementor-widget-text-editor\" data-id=\"c897141\" data-element_type=\"widget\" data-e-type=\"widget\" data-widget_type=\"text-editor.default\">\n\t\t\t\t\t\t\t\t\t<h4>COOKIES UTILIZADAS EN ESTE SITIO WEB:<\/h4><p>Siguiendo las directrices de la Agencia Espa\u00f1ola de Protecci\u00f3n de Datos procedemos a detallar el uso de cookies que hace la web www.sbmexport.com con el fin de informarle con la m\u00e1xima exactitud posible.<\/p><p>Este sitio web utiliza las siguientes cookies propias:<\/p><ul><li>Cookies de sesi\u00f3n (PHPSESSID), son cookies temporales que permanecen en el espacio de cookies de su equipo hasta que abandona la p\u00e1gina web que la emplea. La informaci\u00f3n obtenida por medio de estas cookies sirve para hacer posible la gesti\u00f3n operativa con cada uno de los usuarios que est\u00e1 accediendo de forma simult\u00e1nea a la web.<\/li><\/ul><p>Este sitio web utiliza las siguientes cookies de terceros:<\/p><ul><li>Preferencias de Google: Estas cookies permiten que nuestros sitios web recuerden informaci\u00f3n que cambia el aspecto o el comportamiento del sitio como, por ejemplo, tu idioma preferido o la regi\u00f3n en la que te encuentras. Por ejemplo, al recordar tu regi\u00f3n, un sitio web puede proporcionarte noticias sobre el tr\u00e1fico o boletines meteorol\u00f3gicos locales. Estas cookies tambi\u00e9n te permiten cambiar el tama\u00f1o del texto, la fuente y otras partes de las p\u00e1ginas web que puedes personalizar. La mayor\u00eda de los usuarios de Google tienen en sus navegadores una cookie de preferencias denominada \u00abPREF\u00bb. Un navegador env\u00eda esta cookie a trav\u00e9s de solicitudes a los sitios de Google. La cookie PREF puede almacenar tus preferencias y otra informaci\u00f3n, en concreto tu idioma preferido (por ejemplo, ingl\u00e9s), as\u00ed como el n\u00famero de resultados de b\u00fasqueda que quieres que se muestren por p\u00e1gina (por ejemplo, 10 o 20) y si quieres que est\u00e9 activado el filtro SafeSearch de Google.<\/li><li>Publicidad de Google: Utilizamos cookies para hacer que la publicidad sea m\u00e1s atractiva para los usuarios y m\u00e1s valiosa para los editores y anunciantes. Las cookies suelen utilizarse para seleccionar anuncios basados en contenido que es relevante para un usuario, mejorar los informes de rendimiento de la campa\u00f1a y evitar mostrar anuncios que el usuario ya haya visto. Google utiliza cookies, como la cookie PREF, para poder personalizar los anuncios que se muestran en los servicios de Google como, por ejemplo, la B\u00fasqueda de Google, especialmente cuando no has iniciado sesi\u00f3n en una cuenta de Google. Tambi\u00e9n utilizamos cookies para anuncios que mostramos fuera de Google. Nuestra principal cookie publicitaria en sitios que no pertenecen a Google se denomina \u00abid\u00bb y se almacena en navegadores en el dominio doubleclick.net. Tambi\u00e9n utilizamos otras cookies denominadas \u00ab_drt_\u00bb, \u00abFLC\u00bb, \u201cOTZ\u201d, \u201cNID\u00bb y \u00abexchange_uid\u00bb.<\/li><li>Google Accounts: (GAPS, RMME). Forman parte de las preferencias de Google, adem\u00e1s de permitir loguear y compartir utilizando las cuentas de Google y sus aplicaciones, tales como Google Calendar. P O L \u00cd T I C A D E C O O K I E S 3<\/li><li>Google Analytics: (__utma, __utmb, __utmc, __utmv, __utmz) Almacena cookies para poder elaborar estad\u00edsticas sobre el tr\u00e1fico y volumen de visitas de esta web. Al utilizar este sitio web est\u00e1 consintiendo el tratamiento de informaci\u00f3n acerca de usted por Google. Por tanto, el ejercicio de cualquier derecho en este sentido deber\u00e1 hacerlo comunicando directamente con Google.<\/li><li>Redes sociales: Cada red social utiliza sus propias cookie para que usted pueda pinchar en botones del tipo Me gusta o Compartir.<\/li><\/ul><h4>\u00a0<\/h4><h4>DESACTIVACI\u00d3N O ELIMINACI\u00d3N DE COOKIES:<\/h4><p>En cualquier momento podr\u00e1 ejercer su derecho de desactivaci\u00f3n o eliminaci\u00f3n de cookies de este sitio web. Estas acciones se realizan de forma diferente en funci\u00f3n del navegador que est\u00e9 usando. En la secci\u00f3n M\u00e1s sobre la pol\u00edtica de cookies, encontrar\u00e1 informaci\u00f3n detallada sobre c\u00f3mo desactivarlas.<\/p><h5>\u00a0<\/h5><h5>NOTAS ADICIONALES<\/h5><ul><li>Ni esta web ni sus representantes legales se hacen responsables ni del contenido ni de la veracidad de las pol\u00edticas de privacidad que puedan tener los terceros mencionados en esta pol\u00edtica de cookies.<\/li><li>Los navegadores web son las herramientas encargadas de almacenar las cookies y desde este lugar debe efectuar su derecho a eliminaci\u00f3n o desactivaci\u00f3n de las mismas. Ni esta web ni sus representantes legales pueden garantizar la correcta o incorrecta manipulaci\u00f3n de las cookies por parte de los mencionados navegadores.<\/li><li>En algunos casos es necesario instalar cookies para que el navegador no olvide su decisi\u00f3n de no aceptaci\u00f3n de las mismas.<\/li><li>En el caso de las cookies de Google Analytics, esta empresa almacena las cookies en servidores ubicados en Estados Unidos y se compromete a no compartirla con terceros, excepto en los casos en los que sea necesario para el funcionamiento del sistema o cuando la ley obligue a tal efecto. Seg\u00fan Google no guarda su direcci\u00f3n IP. Google Inc. es una compa\u00f1\u00eda adherida al Acuerdo de Puerto Seguro que garantiza que todos los datos transferidos ser\u00e1n tratados con un nivel de protecci\u00f3n acorde a la normativa europea. Puede consultar informaci\u00f3n detallada a este respecto en\u00a0<a href=\"http:\/\/safeharbor.export.gov\/companyinfo.aspx?id=16626\">http:\/\/safeharbor.export.gov\/companyinfo.aspx?id=16626<\/a>. Si desea informaci\u00f3n sobre el uso que Google da a las cookies, puede consultarlo en el siguiente enlace:\u00a0<a href=\"https:\/\/developers.google.com\/analytics\/devguides\/collection\/analyticsjs\/cookieusage?hl=es&amp;csw=1\">https:\/\/developers.google.com\/analytics\/devguides\/collection\/analyticsjs\/cookieusage?hl=es&amp;csw=1<\/a><\/li><li>Para cualquier duda o consulta acerca de esta pol\u00edtica de cookies no dude en comunicarse con nosotros a trav\u00e9s de la secci\u00f3n de contacto.<\/li><\/ul><h4>\u00a0<\/h4><h4>M\u00c1S SOBRE POL\u00cdTICA DE COOKIES<\/h4><p><strong>\u00bfQu\u00e9 es una cookie?<\/strong><\/p><p>Una cookie es un fichero de texto inofensivo que se almacena en su navegador cuando visita casi cualquier p\u00e1gina web. La utilidad de la cookie es que la web sea capaz de recordar su visita cuando vuelva a navegar por esa p\u00e1gina. Aunque mucha gente no lo sabe, las cookies se llevan utilizando desde hace 20 a\u00f1os, cuando aparecieron los primeros navegadores para la World Wide Web.<\/p><p><strong>\u00bfQu\u00e9 NO ES una cookie?<\/strong><\/p><p>No es un virus, ni un troyano, ni un gusano, ni spam, ni spyware, ni abre ventanas pop-up.<\/p><p><strong>\u00bfQu\u00e9 informaci\u00f3n almacena una cookie?<\/strong><\/p><p>Las cookies no suelen almacenar informaci\u00f3n sensible sobre usted, como tarjetas de cr\u00e9dito o datos bancarios, fotograf\u00edas, su DNI o informaci\u00f3n personal, etc. Los datos que guardan son de car\u00e1cter t\u00e9cnico, preferencias personales, personalizaci\u00f3n de contenidos, etc. El servidor web no le asocia a usted como persona si no a su navegador web. De hecho, si usted navega habitualmente con Internet Explorer y prueba a navegar por la misma web con Firefox o Chrome ver\u00e1 que la web no se da cuenta que es usted la misma persona porque en realidad est\u00e1 asociando al navegador, no a la persona.<\/p><p><strong>\u00bfQu\u00e9 tipo de cookies existen?<\/strong><\/p><ul><li>Cookies t\u00e9cnicas: Son las m\u00e1s elementales y permiten, entre otras cosas, saber cu\u00e1ndo est\u00e1 navegando un humano o una aplicaci\u00f3n automatizada, cu\u00e1ndo navega un usuario an\u00f3nimo y uno registrado, tareas b\u00e1sicas para el funcionamiento de cualquier web din\u00e1mica.<\/li><li>Cookies de an\u00e1lisis: Recogen informaci\u00f3n sobre el tipo de navegaci\u00f3n que est\u00e1 realizando, las secciones que m\u00e1s utiliza, productos consultados, franja horaria de uso, idioma, etc.<\/li><li>Cookies publicitarias: Muestran publicidad en funci\u00f3n de su navegaci\u00f3n, su pa\u00eds de procedencia, idioma, etc.<\/li><\/ul><p><strong>\u00bfQu\u00e9 son las cookies propias y las de terceros?<\/strong><\/p><p>Las cookies propias son las generadas por la p\u00e1gina que est\u00e1 visitando y las de terceros son las generadas por servicios o proveedores externos como Facebook, Twitter, Google, etc.<\/p><p><strong>\u00bfQu\u00e9 ocurre si desactivo las cookies?<\/strong><\/p><p>Para que entienda el alcance que puede tener desactivar las cookies le mostramos unos ejemplos:<\/p><ul><li>No podr\u00e1 compartir contenidos de esa web en Facebook, Twitter o cualquier otra red social.<\/li><li>El sitio web no podr\u00e1 adaptar los contenidos a sus preferencias personales, como suele ocurrir en las tiendas online.<\/li><li>No podr\u00e1 acceder al \u00e1rea personal de esa web, como por ejemplo Mi cuenta, o Mi perfil o Mis pedidos.<\/li><li>Tiendas online: Le ser\u00e1 imposible realizar compras online, tendr\u00e1n que ser telef\u00f3nicas o visitando la tienda f\u00edsica si es que dispone de ella.<\/li><li>No ser\u00e1 posible personalizar sus preferencias geogr\u00e1ficas como franja horaria, divisa o idioma.<\/li><li>El sitio web no podr\u00e1 realizar anal\u00edticas web sobre visitantes y tr\u00e1fico en la web, lo que dificultar\u00e1 que la web sea competitiva.<\/li><li>No podr\u00e1 escribir en el blog, no podr\u00e1 subir fotos, publicar comentarios, valorar o puntuar contenidos. La web tampoco podr\u00e1 saber si usted es un humano o una aplicaci\u00f3n automatizada que publica spam.<\/li><li>No se podr\u00e1 mostrar publicidad sectorizada, lo que reducir\u00e1 los ingresos publicitarios de la web.<\/li><\/ul><p>Todas las redes sociales usan cookies, si las desactiva no podr\u00e1 utilizar ninguna red social.<\/p><h4>\u00a0<\/h4><h4>\u00bfSE PUEDEN ELIMINAR LAS COOKIES?<\/h4><p>S\u00ed. No s\u00f3lo eliminar, tambi\u00e9n bloquear, de forma general o particular para un dominio espec\u00edfico. Para eliminar las cookies de un sitio web debe ir a la configuraci\u00f3n de su navegador y all\u00ed podr\u00e1 buscar las asociadas al dominio en cuesti\u00f3n y proceder a su eliminaci\u00f3n.<\/p><h4>\u00a0<\/h4><h4>CONFIGURACI\u00d3N DE COOKIES PARA LOS NAVEGADORES M\u00c1S POPULARES:<\/h4><p>A continuaci\u00f3n le indicamos c\u00f3mo acceder a una cookies determinada del navegador Chrome (Nota: estos pasos pueden variar en funci\u00f3n de la versi\u00f3n del navegador):<\/p><ul><li>Vaya a Configuraci\u00f3n o Preferencias mediante el men\u00fa Archivo o bien pinchando el icono de personalizaci\u00f3n que aparece arriba a la derecha.<\/li><li>Ver\u00e1 diferentes secciones, pinche la opci\u00f3n Mostrar opciones avanzadas.<\/li><li>Vaya a Privacidad, Configuraci\u00f3n de contenido.<\/li><li>Seleccione Todas las cookies y los datos de sitios.<\/li><li>Aparecer\u00e1 un listado con todas las cookies ordenadas por dominio. Para que le sea m\u00e1s f\u00e1cil encontrar las cookies de un determinado dominio introduzca parcial o totalmente la direcci\u00f3n en el campo Buscar cookies.<\/li><li>Tras realizar este filtro aparecer\u00e1n en pantalla una o varias l\u00edneas con las cookies de la web solicitada. Ahora s\u00f3lo tiene que seleccionarla y pulsar la X para proceder a su eliminaci\u00f3n.<\/li><\/ul><p>Para acceder a la configuraci\u00f3n de cookies del navegador Internet Explorer siga estos pasos (pueden variar en funci\u00f3n de la versi\u00f3n del navegador):<\/p><ul><li>Vaya a Herramientas, Opciones de Internet<\/li><li>Haga click en Privacidad.<\/li><li>Mueva el deslizador hasta ajustar el nivel de privacidad que desee.<\/li><li>Para acceder a la configuraci\u00f3n de cookies del navegador Firefox siga estos pasos (pueden variar en funci\u00f3n de la versi\u00f3n del navegador):<\/li><li>Vaya a Opciones o Preferencias seg\u00fan su sistema operativo.<\/li><li>Haga click en Privacidad.<\/li><li>En Historial elija Usar una configuraci\u00f3n personalizada para el historial.<\/li><li>Ahora ver\u00e1 la opci\u00f3n Aceptar cookies, puede activarla o desactivarla seg\u00fan sus preferencias.<\/li><\/ul><p>Para acceder a la configuraci\u00f3n de cookies del navegador Safari para OSX siga estos pasos (pueden variar en funci\u00f3n de la versi\u00f3n del navegador):<\/p><ul><li>Vaya a Preferencias, luego Privacidad.<\/li><li>En este lugar ver\u00e1 la opci\u00f3n Bloquear cookies para que ajuste el tipo de bloqueo que desea realizar.<\/li><\/ul><p>Para acceder a la configuraci\u00f3n de cookies del navegador Safari para iOS siga estos pasos (pueden variar en funci\u00f3n de la versi\u00f3n del navegador):<\/p><ul><li>Vaya a Ajustes, luego Safari.<\/li><li>Vaya a Privacidad y Seguridad, ver\u00e1 la opci\u00f3n Bloquear cookies para que ajuste el tipo de bloqueo que desea realizar.<\/li><\/ul><p>Para acceder a la configuraci\u00f3n de cookies del navegador para dispositivos Android siga estos pasos (pueden variar en funci\u00f3n de la versi\u00f3n del navegador):<\/p><ul><li>Ejecute el navegador y pulse la tecla Men\u00fa, luego Ajustes.<\/li><li>Vaya a Seguridad y Privacidad, ver\u00e1 la opci\u00f3n Aceptar cookies para que active o desactive la casilla.<\/li><\/ul><p>Para acceder a la configuraci\u00f3n de cookies del navegador para dispositivos Windows Phone siga estos pasos (pueden variar en funci\u00f3n de la versi\u00f3n del navegador):<\/p><ul><li>Abra Internet Explorer, luego M\u00e1s, luego Configuraci\u00f3n.<\/li><li>Ahora puede activar o desactivar la casilla Permitir cookies.sbmexport<\/li><\/ul>\t\t\t\t\t\t\t\t<\/div>\n\t\t\t\t<\/div>\n\t\t\t\t\t<\/div>\n\t\t\t\t<\/div>\n\t\t\t\t<\/div>","protected":false},"excerpt":{"rendered":"<p>Pol\u00edtica de cookies Una cookie es un peque\u00f1o fichero de texto que se almacena en su navegador cuando visita casi cualquier p\u00e1gina web. Su utilidad es que la web sea capaz de recordar su visita cuando vuelva a navegar por esa p\u00e1gina. Las cookies suelen almacenar informaci\u00f3n de car\u00e1cter t\u00e9cnico, preferencias personales, personalizaci\u00f3n de contenidos, [&hellip;]<\/p>\n","protected":false},"author":1,"featured_media":0,"parent":0,"menu_order":0,"comment_status":"closed","ping_status":"closed","template":"","meta":{"_eb_attr":"","footnotes":""},"class_list":["post-1237","page","type-page","status-publish","hentry"],"_hostinger_reach_plugin_has_subscription_block":false,"_hostinger_reach_plugin_is_elementor":false,"_links":{"self":[{"href":"https:\/\/cremallera.net\/en\/wp-json\/wp\/v2\/pages\/1237","targetHints":{"allow":["GET"]}}],"collection":[{"href":"https:\/\/cremallera.net\/en\/wp-json\/wp\/v2\/pages"}],"about":[{"href":"https:\/\/cremallera.net\/en\/wp-json\/wp\/v2\/types\/page"}],"author":[{"embeddable":true,"href":"https:\/\/cremallera.net\/en\/wp-json\/wp\/v2\/users\/1"}],"replies":[{"embeddable":true,"href":"https:\/\/cremallera.net\/en\/wp-json\/wp\/v2\/comments?post=1237"}],"version-history":[{"count":4,"href":"https:\/\/cremallera.net\/en\/wp-json\/wp\/v2\/pages\/1237\/revisions"}],"predecessor-version":[{"id":1241,"href":"https:\/\/cremallera.net\/en\/wp-json\/wp\/v2\/pages\/1237\/revisions\/1241"}],"wp:attachment":[{"href":"https:\/\/cremallera.net\/en\/wp-json\/wp\/v2\/media?parent=1237"}],"curies":[{"name":"wp","href":"https:\/\/api.w.org\/{rel}","templated":true}]}}