{"id":1242,"date":"2026-03-21T18:42:40","date_gmt":"2026-03-21T18:42:40","guid":{"rendered":"https:\/\/cremallera.net\/?page_id=1242"},"modified":"2026-03-21T18:43:52","modified_gmt":"2026-03-21T18:43:52","slug":"aviso-legal","status":"publish","type":"page","link":"https:\/\/cremallera.net\/en\/aviso-legal\/","title":{"rendered":"aviso legal"},"content":{"rendered":"<div data-elementor-type=\"wp-page\" data-elementor-id=\"1242\" class=\"elementor elementor-1242\" data-elementor-post-type=\"page\">\n\t\t\t\t<div class=\"elementor-element elementor-element-41874f9 e-flex e-con-boxed e-con e-parent\" data-id=\"41874f9\" data-element_type=\"container\" data-e-type=\"container\">\n\t\t\t\t\t<div class=\"e-con-inner\">\n\t\t\t\t<div class=\"elementor-element elementor-element-2073686 elementor-widget elementor-widget-heading\" data-id=\"2073686\" data-element_type=\"widget\" data-e-type=\"widget\" data-widget_type=\"heading.default\">\n\t\t\t\t\t<h2 class=\"elementor-heading-title elementor-size-default\">Aviso legal<\/h2>\t\t\t\t<\/div>\n\t\t\t\t\t<\/div>\n\t\t\t\t<\/div>\n\t\t<div class=\"elementor-element elementor-element-ccd6a6d e-flex e-con-boxed e-con e-parent\" data-id=\"ccd6a6d\" data-element_type=\"container\" data-e-type=\"container\">\n\t\t\t\t\t<div class=\"e-con-inner\">\n\t\t<div class=\"elementor-element elementor-element-203b19d e-con-full e-flex e-con e-child\" data-id=\"203b19d\" data-element_type=\"container\" data-e-type=\"container\">\n\t\t\t\t<div class=\"elementor-element elementor-element-c897141 elementor-widget elementor-widget-text-editor\" data-id=\"c897141\" data-element_type=\"widget\" data-e-type=\"widget\" data-widget_type=\"text-editor.default\">\n\t\t\t\t\t\t\t\t\t<h4>En cumplimiento de la Ley 34\/2002, de 11 de julio, de servicios de la sociedad de la informaci\u00f3n y del comercio electr\u00f3nico, art\u00edculo 10, del RGPD 2016\/679 y la Ley Org\u00e1nica 3\/2018, de Protecci\u00f3n de Datos Personales se da a conocer la siguiente Informaci\u00f3n general y se informa:<br \/><br \/>CORREO ELECTR\u00d3NICO<\/h4><p>Le comunicamos que en el supuesto de que no desee seguir recibiendo las comunicaciones e informaciones que viene recibiendo mediante este sistema de comunicaci\u00f3n electr\u00f3nica, nos lo indique con un correo a\u00a0<a href=\"mailto:gerencia@sbmexport.com\" target=\"_blank\" rel=\"noopener\">gerencia@sbmexport.com<\/a>\u00a0de esta forma sus datos personales ser\u00e1n dados de baja de nuestra base de datos. Su solicitud ser\u00e1 accionada en un plazo de 10 d\u00edas desde su env\u00edo. En el supuesto de que no recibamos contestaci\u00f3n expresa por su parte, entenderemos que acepta y autoriza que nuestra empresa siga realizando las referidas comunicaciones. Este mensaje se dirige exclusivamente a su destinatario y puede contener informaci\u00f3n privilegiada o confidencial. Si no es usted el destinatario indicado, queda notificado de que la utilizaci\u00f3n, divulgaci\u00f3n y\/o copia sin autorizaci\u00f3n est\u00e1 prohibida en virtud de la legislaci\u00f3n vigente.<\/p><h4>\u00a0<\/h4><h4>PROTECCI\u00d3N DE DATOS<\/h4><p>En cumplimiento al REGLAMENTO (UE) 2016\/679 DEL PARLAMENTO EUROPEO Y DEL CONSEJO de 27 de abril de 2016 relativo a la protecci\u00f3n de las personas f\u00edsicas en lo que respecta al tratamiento de datos personales y a la libre circulaci\u00f3n de estos datos y la Ley Org\u00e1nica 3\/2018 de Protecci\u00f3n de Datos Personales y por el que se deroga la Directiva 95\/46\/CE (Reglamento general de protecci\u00f3n de datos), le indicamos que los datos personales que Ud. nos facilita de forma voluntaria, por cualquiera de nuestros medios de recogida de informaci\u00f3n, van a ser incorporados a tratamientos automatizados de datos de car\u00e1cter personal.<\/p><p>Dichos tratamientos tienen como su \u00fanica finalidad la gesti\u00f3n profesional (1) por parte de SBM Export Import International, S.L. , quien es responsable del tratamiento. Los datos contenidos en ellos ser\u00e1n tratados de forma confidencial.SBM Export Import International, S.L.. cumple \u00edntegramente con la legislaci\u00f3n vigente en materia de protecci\u00f3n de datos de car\u00e1cter personal, y con los compromisos de confidencialidad propios de su actividad.<\/p><p>SBM Export Import International, S.L.. ha adoptado las medidas t\u00e9cnicas necesarias para mantener el nivel de seguridad requerido, seg\u00fan la naturaleza de los datos personales tratados y las circunstancias del tratamiento, con el objeto de evitar, en la medida de lo posible y siempre seg\u00fan el estado de la t\u00e9cnica, su alteraci\u00f3n, p\u00e9rdida, tratamiento o acceso no autorizado.<\/p><p>Para la realizaci\u00f3n de la gesti\u00f3n antes mencionada puede ser necesario que se cedan los datos a encargados de tratamiento, empresas colaboradoras y administraciones p\u00fablicas.<\/p><p>Se informa de la posibilidad de enviarle informaci\u00f3n sobre actividades y servicios de inter\u00e9s a los que Ud. presta su consentimiento, y que, por cualquier medio, pudieran llevar a cabo entes colaboradores del titular del tratamiento y el propio titular del tratamiento.<\/p><p>Esta autorizaci\u00f3n se hace efectiva de forma retroactiva a cualquier tratamiento de datos hechos ya por parte del titular del tratamiento, siempre y cuando la finalidad fuese la anteriormente indicada. Tambi\u00e9n se hace efectiva para cualquier otro tratamiento necesario para la prestaci\u00f3n de servicios de reciente o nueva contrataci\u00f3n.<\/p><p>Para que la informaci\u00f3n que contienen nuestros tratamientos est\u00e9 siempre actualizada y no contenga errores pedimos a nuestros clientes y usuarios que nos comuniquen, a la mayor brevedad posible, las modificaciones y rectificaciones de sus datos de car\u00e1cter personal.<\/p><p>Si desea ejercer el derecho de acceso, rectificaci\u00f3n, oposici\u00f3n o supresi\u00f3n, dirija un escrito (adjuntado fotocopia del DNI) a:<\/p><ul><li>SBM Export Import International, S.L. Av. De las Cortes Valencianas, n\u00famero 58-5, CP 46015 Valencia.<\/li><li>Mail:\u00a0<a href=\"mailto:gerencia@sbmexport.com\" target=\"_blank\" rel=\"noopener\">gerencia@sbmexport.com<\/a><\/li><\/ul><h4>\u00a0<\/h4><h4>P\u00c1GINAS WEB<\/h4><p>Que el dominio\u00a0<a href=\"https:\/\/gruposabanamar.com\/\">https:\/\/sbmexport.com<\/a>\u00a0a partir de ahora\u00a0<strong>website<\/strong>\u00a0est\u00e1 registrado a nombre de SBM Export Import International, S.L.<\/p><p><strong>Datos del propietario del website:<\/strong><\/p><ul><li>Nombre o raz\u00f3n social: SBM Export Import International, S.L.<\/li><li>CIF: B09955527<\/li><li>Direcci\u00f3n: Av. De las Cortes Valencianas, n\u00famero 58-5, CP 46015 Valencia.<\/li><li>Localidad: Valencia<\/li><li>Provincia: Valencia<\/li><li>Pa\u00eds: Espa\u00f1a<\/li><li>Datos de registro mercantil: Tomo 43299, folio 138, hoja M-764957, protocolo 1384 del Registro Mercantil de Madrid el 22 de marzo de 2022.<\/li><\/ul><p>El acceso al website y a la informaci\u00f3n relativa a cualquiera de los productos y servicios contenidos en el mismo comporta la aceptaci\u00f3n de las condiciones previstas en el presente Aviso Legal. Por ello le recomendamos que lea atentamente su contenido si usted desea acceder y hacer uso de la informaci\u00f3n y los servicios ofrecidos desde el mismo.<\/p><p>Es posible que en alg\u00fan momento alguna de las p\u00e1ginas del website disponga de cookies, que son peque\u00f1os ficheros de datos que se generan en el ordenador del usuario o cliente y que permiten a nuestros sistemas recordar el idioma y el portal escogidos, as\u00ed como otras caracter\u00edsticas o preferencias de navegaci\u00f3n del usuario en su primera sesi\u00f3n. Estas \u00abcookies\u00bb no son invasivas, ni nocivas, ni contienen datos de car\u00e1cter personal, ya que su \u00fanica funci\u00f3n es personalizar su navegaci\u00f3n en la forma antes expresada.<\/p><p><strong>Estatus de usuario y usos permitidos y prohibidos:<\/strong><\/p><p>El acceso a y\/o uso del sitio web reflejado como website (o cualquier otro mencionado en el apartado 1 de este aviso) atribuye a quien lo realiza la condici\u00f3n de usuario, aceptando, desde ese mismo momento, plenamente y sin reservas alguna, las presentes condiciones generales, as\u00ed como las condiciones particulares que, en su caso, complementen, modifiquen o sustituyan las condiciones generales en relaci\u00f3n con determinados servicios y contenidos del sitio web.<\/p><p>El usuario se compromete a utilizar el sitio Web y sus servicios y contenidos sin contravenir la legislaci\u00f3n vigente, la buena fe, los usos generalmente aceptados y el orden p\u00fablico.<\/p><p>As\u00ed mismo, queda prohibido, el uso del Web con fines il\u00edcitos o lesivos contra la raz\u00f3n social propietaria del website o cualquier tercero, o que, de cualquier forma, puedan causar perjuicio o impedir el normal funcionamiento del sitio Web.<\/p><p><strong>Propiedad intelectual e industrial:<\/strong><\/p><p>Respecto de los contenidos (informaciones, textos, gr\u00e1ficos, archivos de sonido y\/o imagen, fotograf\u00edas, dise\u00f1os, etc.), se proh\u00edbe:<\/p><ol><li>Su reproducci\u00f3n, distribuci\u00f3n o modificaci\u00f3n, a menos que se cuente con la autorizaci\u00f3n de sus leg\u00edtimos titulares o resulte legalmente permitido.<\/li><li>Cualquier vulneraci\u00f3n de los derechos de propietario del website o de sus leg\u00edtimos titulares sobre los mismos.<\/li><li>Su utilizaci\u00f3n para todo tipo de fines comerciales o publicitarios, distintos de los estrictamente permitidos.<\/li><li>Cualquier intento de obtener los contenidos del sitio Web por cualquier medio distinto de los que se pongan a disposici\u00f3n de los usuarios as\u00ed como de los que habitualmente se empleen en la red, siempre que no causen perjuicio alguno al sitio Web.<\/li><\/ol><p>El propietario del website no otorga ninguna garant\u00eda ni se hace responsable, en ning\u00fan caso, de los da\u00f1os y perjuicios de cualquier naturaleza que pudieran traer causa de:<\/p><ol><li>La falta disponibilidad, mantenimiento y efectivo funcionamiento del Web y\/o de sus servicios o contenidos.<\/li><li>La falta de utilidad, adecuaci\u00f3n o validez del Web y\/o de sus servicios o contenidos para satisfacer necesidades, actividades o resultados concretos o expectativas de los usuarios.<\/li><li>La existencia de virus, programas maliciosos o lesivos en los contenidos.<\/li><li>La recepci\u00f3n, obtenci\u00f3n, almacenamiento, difusi\u00f3n o transmisi\u00f3n, por parte de los usuarios, de los contenidos.<\/li><li>El uso il\u00edcito, negligente, fraudulento, contrario a las presentes Condiciones Generales, a la buena fe, a los usos generalmente aceptados o al orden p\u00fablico, del sitio Web, sus servicios o contenidos, por parte de los usuarios.<\/li><li>La falta de licitud, calidad, fiabilidad, utilidad y disponibilidad de los servicios prestados por terceros y puestos a disposici\u00f3n de los usuarios en el sitio Web.<\/li><li>El incumplimiento por parte de terceros de sus obligaciones o compromisos en relaci\u00f3n con los servicios prestados a los usuarios a trav\u00e9s del sitio Web.<\/li><\/ol><p>A los efectos de preservar los posibles derechos de propiedad intelectual, en el caso de que cualquier usuario o un tercero considere que se ha producido una violaci\u00f3n de sus leg\u00edtimos derechos por la introducci\u00f3n de un determinado contenido en el Web, deber\u00e1 notificar dicha circunstancia a SBM Export Import International, S.L., indicando:<\/p><ol><li>Datos personales del interesado titular de los derechos presuntamente infringidos. Si la reclamaci\u00f3n la presenta un tercero distinto del interesado, deber\u00e1 indicar la representaci\u00f3n con la que act\u00faa.<\/li><li>Indicaci\u00f3n de los contenidos protegidos por los derechos de propiedad intelectual y su ubicaci\u00f3n en el Web.<\/li><li>Acreditaci\u00f3n de los citados derechos de propiedad intelectual.<\/li><li>Declaraci\u00f3n expresa en la que el interesado se responsabiliza de la veracidad de las informaciones facilitadas en la notificaci\u00f3n.<\/li><\/ol><p>La legitimidad de los derechos de propiedad intelectual o industrial correspondientes a los contenidos aportados por terceros es de la exclusiva responsabilidad de los mismos. El establecimiento de cualquier \u00abhiperenlace\u00bb entre una p\u00e1gina web y cualquiera de las p\u00e1ginas web del website estar\u00e1 sometido a las siguientes condiciones:<\/p><ol><li>No se permite la reproducci\u00f3n ni total ni parcial de ninguno de los servicios ni contenidos del website.<\/li><li>La p\u00e1gina web en la que se establezca el hiperenlace no contendr\u00e1 ninguna marca, nombre comercial, r\u00f3tulo de establecimiento, denominaci\u00f3n, logotipo, eslogan u otros signos distintivos pertenecientes al website.<\/li><li>Bajo ninguna circunstancia, el propietario del website ser\u00e1 responsable de los contenidos o servicios puestos a disposici\u00f3n del p\u00fablico en la p\u00e1gina web desde la que se realice el \u00abhiperenlace\u00bb ni de las informaciones y manifestaciones incluidas en las mismas.<\/li><\/ol><p><strong>Duraci\u00f3n y modificaciones:<\/strong><\/p><p>La duraci\u00f3n de la prestaci\u00f3n del servicio del sitio Web y de los servicios es de car\u00e1cter indefinido.<\/p><p>Sin perjuicio de lo anterior, el propietario del website se reserva el derecho para, interrumpir, suspender o terminar la prestaci\u00f3n del servicio del Web o de cualquiera de los servicios que lo integran, en los mismos t\u00e9rminos que se recogen en la condici\u00f3n tercera.<\/p><p>Se podr\u00e1 modificar unilateralmente y sin previo aviso, siempre que lo considere oportuno, la estructura y dise\u00f1o del sitio Web, as\u00ed como modificar o eliminar, los servicios, los contenidos y las condiciones de acceso y\/o uso del sitio Web.<\/p><p><strong>Legislaci\u00f3n aplicable y Jurisdicci\u00f3n:<\/strong><\/p><p>Las presentes Condiciones Generales se regir\u00e1n por la legislaci\u00f3n espa\u00f1ola.<\/p><p>El propietario del website y el usuario, con renuncia expresa a cualquier otro fuero que pudiera corresponderles, se someten a la Jurisdicci\u00f3n de los Juzgados y Tribunales del domicilio del usuario para cuantas cuestiones pudieran suscitarse o acciones ejercitarse derivadas de la prestaci\u00f3n del servicio del Web y de sus servicios y contenidos y sobre la interpretaci\u00f3n, aplicaci\u00f3n, cumplimiento o incumplimiento de lo aqu\u00ed establecido.<\/p><p>En el supuesto de que el Usuario tenga su domicilio fuera de Espa\u00f1a, el propietario del website y el Usuario, con renuncia expresa a cualquier otro fuero que pudiera corresponderles, se someten a la Jurisdicci\u00f3n de los Juzgados y Tribunales de Valencia<\/p>\t\t\t\t\t\t\t\t<\/div>\n\t\t\t\t<\/div>\n\t\t\t\t\t<\/div>\n\t\t\t\t<\/div>\n\t\t\t\t<\/div>","protected":false},"excerpt":{"rendered":"<p>Aviso legal En cumplimiento de la Ley 34\/2002, de 11 de julio, de servicios de la sociedad de la informaci\u00f3n y del comercio electr\u00f3nico, art\u00edculo 10, del RGPD 2016\/679 y la Ley Org\u00e1nica 3\/2018, de Protecci\u00f3n de Datos Personales se da a conocer la siguiente Informaci\u00f3n general y se informa: CORREO ELECTR\u00d3NICO Le comunicamos que [&hellip;]<\/p>\n","protected":false},"author":1,"featured_media":0,"parent":0,"menu_order":0,"comment_status":"closed","ping_status":"closed","template":"","meta":{"_eb_attr":"","footnotes":""},"class_list":["post-1242","page","type-page","status-publish","hentry"],"_hostinger_reach_plugin_has_subscription_block":false,"_hostinger_reach_plugin_is_elementor":false,"_links":{"self":[{"href":"https:\/\/cremallera.net\/en\/wp-json\/wp\/v2\/pages\/1242","targetHints":{"allow":["GET"]}}],"collection":[{"href":"https:\/\/cremallera.net\/en\/wp-json\/wp\/v2\/pages"}],"about":[{"href":"https:\/\/cremallera.net\/en\/wp-json\/wp\/v2\/types\/page"}],"author":[{"embeddable":true,"href":"https:\/\/cremallera.net\/en\/wp-json\/wp\/v2\/users\/1"}],"replies":[{"embeddable":true,"href":"https:\/\/cremallera.net\/en\/wp-json\/wp\/v2\/comments?post=1242"}],"version-history":[{"count":4,"href":"https:\/\/cremallera.net\/en\/wp-json\/wp\/v2\/pages\/1242\/revisions"}],"predecessor-version":[{"id":1246,"href":"https:\/\/cremallera.net\/en\/wp-json\/wp\/v2\/pages\/1242\/revisions\/1246"}],"wp:attachment":[{"href":"https:\/\/cremallera.net\/en\/wp-json\/wp\/v2\/media?parent=1242"}],"curies":[{"name":"wp","href":"https:\/\/api.w.org\/{rel}","templated":true}]}}